{"id":1091,"date":"2019-03-14T20:24:53","date_gmt":"2019-03-14T19:24:53","guid":{"rendered":"https:\/\/pack.land\/?page_id=1091"},"modified":"2019-03-14T20:26:26","modified_gmt":"2019-03-14T19:26:26","slug":"polityka-prywatnosci","status":"publish","type":"page","link":"https:\/\/pack.land\/ru\/polityka-prywatnosci\/","title":{"rendered":"Polityka Prywatno\u015bci"},"content":{"rendered":"<p>Zasady przetwarzania danych<br \/>\nStrona www.pack.land (prowadzona przez firm\u0119 Pack Land Sp. z o.o.) przywi\u0105zuje du\u017c\u0105 wag\u0119 do szanowania i respektowania praw Internaut\u00f3w, ze szczeg\u00f3lnym uwzgl\u0119dnieniem prawa do ochrony prywatno\u015bci. Przedstawiona poni\u017cej polityka prywatno\u015bci wyja\u015bnia stosowane przez nas zasady gromadzenia i przetwarzania danych osobowych.<br \/>\nStrona www.pack.land (prowadzony przez firm\u0119 Pack Land Sp. z o.o.) zbieraj\u0105c i przetwarzaj\u0105c dane osobowe stosuje si\u0119 do wszystkich poni\u017cszych zasad przetwarzania danych oraz spe\u0142nia co najmniej jeden z warunk\u00f3w przetwarzania danych osobowych.<br \/>\nZasady dotycz\u0105ce przetwarzania danych osobowych:<br \/>\n1. zgodno\u015b\u0107 z\u00a0prawem, rzetelno\u015b\u0107 i\u00a0przejrzysto\u015b\u0107,<br \/>\n2. ograniczenie celu,<br \/>\n3. minimalizacja danych,<br \/>\n4. prawid\u0142owo\u015b\u0107,<br \/>\n5. ograniczenie przechowywania,<br \/>\n6. integralno\u015b\u0107 i poufno\u015b\u0107.<br \/>\nWarunki zgodnego z prawem przetwarzania danych osobowych:<br \/>\n7. osoba, kt\u00f3rej dane dotycz\u0105 wyrazi\u0142a zgod\u0119 na przetwarzanie swoich danych osobowych w\u00a0jednym lub wi\u0119kszej liczbie okre\u015blonych cel\u00f3w,<br \/>\n8. przetwarzanie jest niezb\u0119dne do wykonania umowy, kt\u00f3rej stron\u0105 jest osoba, kt\u00f3rej dane dotycz\u0105, lub do podj\u0119cia dzia\u0142a\u0144 na \u017c\u0105danie osoby, kt\u00f3rej dane dotycz\u0105, przed zawarciem umowy,<br \/>\n9. przetwarzanie jest niezb\u0119dne do wype\u0142nienia obowi\u0105zku prawnego ci\u0105\u017c\u0105cego na\u00a0administratorze,<br \/>\n10. przetwarzanie jest niezb\u0119dne do ochrony \u017cywotnych interes\u00f3w osoby, kt\u00f3rej dane dotycz\u0105, lub innej osoby fizycznej,<br \/>\n11. przetwarzanie jest niezb\u0119dne do wykonania zadania realizowanego w\u00a0interesie publicznym lub w\u00a0ramach sprawowania w\u0142adzy publicznej powierzonej administratorowi,<br \/>\n12. przetwarzanie jest niezb\u0119dne do cel\u00f3w wynikaj\u0105cych z\u00a0prawnie uzasadnionych interes\u00f3w realizowanych przez administratora lub przez stron\u0119 trzeci\u0105, z\u00a0wyj\u0105tkiem sytuacji, w\u00a0kt\u00f3rych nadrz\u0119dny charakter wobec tych interes\u00f3w maj\u0105 interesy lub podstawowe prawa i\u00a0wolno\u015bci osoby, kt\u00f3rej dane dotycz\u0105, wymagaj\u0105ce ochrony danych osobowych, w\u00a0szczeg\u00f3lno\u015bci gdy osoba, kt\u00f3rej dane dotycz\u0105, jest dzieckiem.<br \/>\nPodczas przegl\u0105dania naszego serwisu, stosownie do konfiguracji przegl\u0105darki, na komputerze u\u017cytkownika (urz\u0105dzeniu ko\u0144cowym) mo\u017ce zosta\u0107 zapisany jeden lub kilka plik\u00f3w cookie.<br \/>\nPliki cookie mog\u0105 by\u0107 zamieszczane przez Pack Land Sp. z o.o. jak i podmioty trzecie, z kt\u00f3rymi Pack Land Sp. z o.o. wsp\u00f3\u0142pracuje. Prosimy o zapoznanie si\u0119 z poni\u017cszymi informacjami\u00a0na temat plik\u00f3w cookie oraz sposobu ich wykorzystywania.<br \/>\nJakie dane o Tobie zbieramy?<br \/>\nDane zbierane podczas rejestracji<br \/>\nAby\u015b m\u00f3g\u0142 skorzysta\u0107 z niekt\u00f3rych funkcjonalno\u015bci oferowanych przez serwis b\u0119dziesz musia\u0142 si\u0119 zarejestrowa\u0107. Podczas rejestracji zapytamy Ci\u0119 o login i has\u0142o jakiego b\u0119dziesz u\u017cywa\u0142 na naszej witrynie. Zostaniesz poproszony r\u00f3wnie\u017c o wyra\u017cenie zgody na przetwarzanie Twoich danych osobowych przez Pack Land Sp. z o.o..<br \/>\nDane zbierane automatycznie<br \/>\nPodczas Twojej wizyty na naszej stronie internetowej, automatycznie zbierane s\u0105 dane dotycz\u0105ce Twojej wizyty, w szczeg\u00f3lno\u015bci Tw\u00f3j adres IP, nazwa domeny, typ przegl\u0105darki, typ systemu operacyjnego. Wi\u0119cej informacji w cz\u0119\u015bci po\u015bwi\u0119conej tzw. plikom cookies.<br \/>\nKto jest administratorem danych<br \/>\nAdministratorem Twoich danych osobowych jest\u00a0 jest Packland Sp. z o.o., ul. Adama Branickiego 15, 02-972 Warszawa, NIP: 697-229-20-80.<br \/>\nW jakim celu i na jakiej podstawie b\u0119d\u0105 przetwarzane dane<br \/>\nTwoje dane osobowe pozyskane w zwi\u0105zku z korzystaniem z serwis\u00f3w prowadzonych przez Pack Land Sp. z o.o. b\u0119d\u0105 przetwarzane w nast\u0119puj\u0105cych celach:<br \/>\n1. obs\u0142ugi utworzonego konta<br \/>\n2. dochodzenia ewentualnych roszcze\u0144 (w tym windykacja) i odszkodowa\u0144<br \/>\n3. sprzeda\u017cy produkt\u00f3w i us\u0142ug<br \/>\n4. udzielania odpowiedzi na pisma i wnioski oraz udzielanie odpowiedzi w tocz\u0105cych si\u0119 post\u0119powaniach<br \/>\n5. prowadzenia dzia\u0142a\u0144 zwi\u0105zanych z zapewnieniem bezpiecze\u0144stwa<br \/>\n6. archiwizacji spe\u0142niania obowi\u0105zku prawnego ci\u0105\u017c\u0105cego na Pack Land Sp. z o.o..<br \/>\nPodstawa prawna przetwarzania Twoich danych b\u0119dzie:<br \/>\n1. udzielona zgoda<br \/>\n2. niezb\u0119dno\u015b\u0107 do wykonania umowy lub do podj\u0119cia dzia\u0142a\u0144 na Pa\u0144stwa \u017c\u0105danie przed zawarciem umowy<br \/>\n3. niezb\u0119dno\u015b\u0107 do wype\u0142nienia obowi\u0105zku prawnego ci\u0105\u017c\u0105cego na administratorze<br \/>\n4. niezb\u0119dno\u015b\u0107 do cel\u00f3w wynikaj\u0105cych z\u00a0prawnie uzasadnionych interes\u00f3w realizowanych przez administratora np. takich jak udzielania odpowiedzi na Pa\u0144stwa pisma i wnioski<br \/>\nKto b\u0119dzie odbiorc\u0105 Twoich danych i gdzie b\u0119d\u0105 one przekazywane<br \/>\nTwoje dane osobowe nie b\u0119d\u0105 przekazywane do pa\u0144stw trzecich lub organizacji mi\u0119dzynarodowych.<br \/>\nPrzez jaki okres dane b\u0119d\u0105 przetwarzane<br \/>\nOkres przetwarzania Twoich danych osobowych jest uzale\u017cniony od celu w jakim dane s\u0105 przetwarzane. Okres przez kt\u00f3ry Twoje dane osobowe b\u0119d\u0105 przechowywane jest obliczany w oparciu o nast\u0119puj\u0105ce kryteria:<br \/>\n1. przepisy prawa, kt\u00f3re mog\u0105 obligowa\u0107 Pack Land Sp. z o.o. do przetwarzania danych przez okre\u015blony czas,<br \/>\n2. obs\u0142ugi utworzonego konta<br \/>\n3. okres, kt\u00f3ry jest niezb\u0119dny do obrony interes\u00f3w Pack Land Sp. z o.o. (administratora danych),<br \/>\n4. okres na jaki zosta\u0142a udzielona zgoda<br \/>\nJakie masz prawa<br \/>\nPosiadasz prawo do:<br \/>\n1. \u017c\u0105dania dost\u0119pu do danych osobowych dotycz\u0105cych Pa\u0144stwa<br \/>\n2. sprostowania danych,<br \/>\n3. \u017c\u0105dania uzupe\u0142nienia niekompletnych danych osobowych, w\u00a0tym poprzez przedstawienie dodatkowego o\u015bwiadczenia,<br \/>\n4. usuni\u0119cia danych lub ograniczenia przetwarzania<br \/>\n5. wniesienia sprzeciwu wobec dalszego przetwarzania Pa\u0144stwa danych osobowych<br \/>\n6. przeniesienia Pa\u0144stwa danych osobowych<br \/>\nMasz prawo do cofni\u0119cia wyra\u017conej zgody w\u00a0dowolnym momencie. Wycofanie zgody nie ma wp\u0142ywu na zgodno\u015b\u0107 z\u00a0prawem przetwarzania Pa\u0144stwa danych, kt\u00f3rego dokonano na podstawie udzielonej zgody przed jej cofni\u0119ciem.<br \/>\nW przypadku w\u0105tpliwo\u015bci co do prawid\u0142owo\u015bci przetwarzania Twoich danych osobowych przez Pack Land Sp. z o.o., masz prawo wniesienia skargi do organu nadzorczego.<br \/>\nJakie b\u0119d\u0105 konsekwencje nie podania danych<br \/>\nPodanie danych jest dobrowolne lub mo\u017ce by\u0107 warunkiem koniecznym do zawarcia umowy (np. utworzenie konta w serwisie), bez ich podania umowa nie mo\u017ce zosta\u0107 zawarta.<br \/>\nNie profilujemy<br \/>\nPack Land Sp. z o.o. nie korzysta z system\u00f3w s\u0142u\u017c\u0105cych do zautomatyzowanego podejmowania decyzji.<br \/>\nW jaki spos\u00f3b uzyska\u0107 informacj\u0119 o przetwarzaniu danych?<br \/>\nWszelk\u0105 korespondencj\u0119 w sprawach zwi\u0105zanych z przetwarzaniem Twoich danych osobowych kieruj na adres Administratora z dopiskiem &#171;Dane osobowe&#187; lub na skrzynk\u0119 info@pack.land<br \/>\nWykorzystywanie \u201ecookies\u201d<br \/>\nNasza strona internetowa wykorzystuje pliki \u201ecookies\u201d, kt\u00f3re s\u0142u\u017c\u0105 identyfikacji Twojej przegl\u0105darki podczas korzystania z naszej strony. Pliki \u201ecookies\u201d nie zawieraj\u0105 niewielkie ilo\u015bci tekstu mo\u017cliwe do odczytania tylko przez stron\u0119 , kt\u00f3ra je wysy\u0142a. Dzi\u0119ki zebranym informacjom mo\u017cemy uzyska\u0107 informacje o tym, jak cz\u0119sto odwiedzasz nasz serwis i kt\u00f3re jego elementy Ci\u0119 najbardziej interesuj\u0105. Uzyskane dane wykorzystujemy dla lepszego dostosowania go Twoich potrzeb, u\u0142atwienia Tobie funkcjonowania serwisu oraz w celach statystycznych i reklamowych. Pliki te nie mog\u0105 by\u0107 wykorzystane do infekowania urz\u0105dzenia wirusami lub innym z\u0142o\u015bliwym oprogramowaniem (malware).<br \/>\nKa\u017cdy indywidualny Cookie sk\u0142ada si\u0119 z czterech podstawowych cz\u0119\u015bci:<br \/>\n1. Nazwa strony WWW: nazwa domeny lub subdomeny, kt\u00f3ra ustawi\u0142a cookie,<br \/>\n2. Nazwa Cookie: cookie ma nazw\u0119, kt\u00f3ra jest unikalna na stronie, kt\u00f3ra je ustawi\u0142a.<br \/>\n3. Termin wa\u017cno\u015bci: Wa\u017cno\u015b\u0107 niekt\u00f3rych plik\u00f3w cookie wygasa po zamkni\u0119ciu przegl\u0105darki (tzw. cookie sesji), inne cookie zostan\u0105 automatycznie usuni\u0119te dopiero po osi\u0105gni\u0119ciu daty wa\u017cno\u015bci, kt\u00f3ra zosta\u0142a ustawiona (tzw. trwa\u0142e cookie).<br \/>\n4. Warto\u015b\u0107: to informacje w pliku cookie, kt\u00f3r\u0105 strona WWW u\u017cywa do &#171;zapami\u0119tania&#187; poprzedniej wizyty.<br \/>\nW plikach cookie przechowujemy podstawowe informacje o u\u017cytkownikach (np. identyfikator) oraz informacje potrzebne dla optymalizacji i poprawnego wy\u015bwietlania tre\u015bci zawartych na stronach. Informacje te s\u0142u\u017c\u0105 do:<br \/>\nRozpoznawania u\u017cytkownik\u00f3w loguj\u0105cych si\u0119 na chronionych stronach internetowych,\u00a0co umo\u017cliwia im odwiedzanie wielu stron bez konieczno\u015bci wpisywania nazwy u\u017cytkownika i has\u0142a do ka\u017cdej ze stron;<br \/>\nRejestrowania preferencji u\u017cytkownik\u00f3w &#8212; przegl\u0105danej zawarto\u015bci i formatu przegl\u0105dania (u\u017cytkownik nie musi ustawia\u0107 preferencji przy ka\u017cdej wizycie na stronie);<br \/>\nRejestrowania stron odwiedzanych przez u\u017cytkownik\u00f3w, co pozwala zebra\u0107 dane pomocne dla usprawnie\u0144 wprowadzanych w tre\u015bci i w sposobie nawigacji strony.<br \/>\nU\u017cytkownicy naszego serwisu mog\u0105 w dowolnej chwili zaprzesta\u0107 dostarczania tych informacji naszemu serwisowi poprzez wykasowanie plik\u00f3w cookie zapisanych na ich urz\u0105dzeniach ko\u0144cowych przez nasz serwis. Aby tego dokona\u0107 nale\u017cy zmieni\u0107 ustawienia aktualnie u\u017cywanej przegl\u0105darki internetowej.<br \/>\nInternet Explorer\u00a0&#8212;\u00a0https:\/\/www.microsoft.com\/<br \/>\nChrome\u00a0&#8212;\u00a0https:\/\/www.google.pl\/chrome\/<br \/>\nFirefox\u00a0&#8212;\u00a0https:\/\/www.mozilla.org\/<br \/>\nMasz prawo do odmowy zapisywania i odczytywania plik\u00f3w \u201ecookies\u201d na Twojego urz\u0105dzenia (komputera, laptopa, telefonu). Aby to zrobi\u0107 musisz zaznaczy\u0107 odpowiednie ustawienia w opcjach przegl\u0105darki internetowej, lub nie wyrazi\u0107 zgody w przypadku gdy aplikacja zawarta na serwisie internetowym b\u0119dzie si\u0119 Ciebie o to pyta\u0107.<br \/>\nSkonfigurowanie przegl\u0105darki w spos\u00f3b, kt\u00f3ry zablokuje instalacj\u0119 plik\u00f3w cookie dla okre\u015blonych, wybranych przez u\u017cytkownika stron internetowych lub dla wszystkich stron, mog\u0105 spowodowa\u0107 utrat\u0119 pewnych funkcjonalno\u015bci, kt\u00f3re wymagaj\u0105 instalacji plik\u00f3w cookie. Zgodnie z wymogami Prawa Telekomunikacyjnego i RODO za potwierdzenie zgody na wykorzystanie plik\u00f3w cookie uznaje si\u0119 skonfigurowanie przegl\u0105darki pozwalaj\u0105ce na instalacj\u0119 plik\u00f3w cookie na komputerze (patrz linki powy\u017cej). Informacje na temat zarz\u0105dzania plikami cookie mo\u017cna znale\u017a\u0107 na stronie (http:\/\/www.allaboutcookies.org\/manage-cookies\/) lub (http:\/\/wszystkoociasteczkach.pl\/).<br \/>\nW jaki spos\u00f3b zabezpieczamy Twoje dane osobowe?<br \/>\nNasze bazy danych zabezpieczone s\u0105 przed wgl\u0105dem os\u00f3b trzecich.<br \/>\nZmiany naszej polityki prywatno\u015bci<br \/>\nZastrzegamy sobie prawo zmiany powy\u017cszej polityki prywatno\u015bci poprzez opublikowanie nowej polityki prywatno\u015bci na naszej stronie internetowej. Po dokonaniu zmiany Polityka Prywatno\u015bci uka\u017ce si\u0119 na stronie z now\u0105 dat\u0105.<br \/>\nWarszawa, dn. 10.03.2019<\/p>\n","protected":false},"excerpt":{"rendered":"<p>Zasady przetwarzania danych Strona www.pack.land (prowadzona przez firm\u0119 Pack Land Sp. z o.o.) przywi\u0105zuje du\u017c\u0105 wag\u0119 do szanowania i respektowania praw Internaut\u00f3w, ze szczeg\u00f3lnym uwzgl\u0119dnieniem prawa do ochrony prywatno\u015bci. Przedstawiona poni\u017cej polityka prywatno\u015bci wyja\u015bnia stosowane przez nas zasady gromadzenia i przetwarzania danych osobowych. Strona www.pack.land (prowadzony przez firm\u0119 Pack Land Sp. z o.o.) zbieraj\u0105c i<\/p>\n","protected":false},"author":1,"featured_media":0,"parent":0,"menu_order":0,"comment_status":"closed","ping_status":"closed","template":"","meta":[],"aioseo_notices":[],"_links":{"self":[{"href":"https:\/\/pack.land\/ru\/wp-json\/wp\/v2\/pages\/1091"}],"collection":[{"href":"https:\/\/pack.land\/ru\/wp-json\/wp\/v2\/pages"}],"about":[{"href":"https:\/\/pack.land\/ru\/wp-json\/wp\/v2\/types\/page"}],"author":[{"embeddable":true,"href":"https:\/\/pack.land\/ru\/wp-json\/wp\/v2\/users\/1"}],"replies":[{"embeddable":true,"href":"https:\/\/pack.land\/ru\/wp-json\/wp\/v2\/comments?post=1091"}],"version-history":[{"count":3,"href":"https:\/\/pack.land\/ru\/wp-json\/wp\/v2\/pages\/1091\/revisions"}],"predecessor-version":[{"id":1095,"href":"https:\/\/pack.land\/ru\/wp-json\/wp\/v2\/pages\/1091\/revisions\/1095"}],"wp:attachment":[{"href":"https:\/\/pack.land\/ru\/wp-json\/wp\/v2\/media?parent=1091"}],"curies":[{"name":"wp","href":"https:\/\/api.w.org\/{rel}","templated":true}]}}