{"id":292,"date":"2018-09-04T05:32:14","date_gmt":"2018-09-04T05:32:14","guid":{"rendered":"http:\/\/127.0.0.1\/lingerie\/?page_id=7"},"modified":"2026-04-01T16:55:36","modified_gmt":"2026-04-01T14:55:36","slug":"kontakt","status":"publish","type":"page","link":"https:\/\/pack.land\/ru\/kontakt\/","title":{"rendered":"\u043a\u043e\u043d\u0442\u0430\u043a\u0442"},"content":{"rendered":"<p>[vc_row full_width=&#187;stretch_row&#187; content_placement=&#187;middle&#187; pgscore_bg_type=&#187;row-background-dark&#187; pgscore_background_position=&#187;center-center&#187; el_id=&#187;1550686901398-e6ac2206-b181&#8243; css=&#187;.vc_custom_1552593679810{background-color: #888888 !important;}&#187;][vc_column width=&#187;1\/3&#8243; el_id=&#187;1550686901404-0d3514e2-d19f&#187;][vc_column_text]<\/p>\n<div style=\"text-align: center;\"><span style=\"color: white;\"><strong>BIURO<\/strong><\/span><\/div>\n<div style=\"text-align: center;\"><span style=\"color: white;\">ul. Branickiego 15<\/span><\/div>\n<div style=\"text-align: center;\"><span style=\"color: white;\">02-972 Warszawa<\/span><\/div>\n<div style=\"text-align: center;\"><a href=\"mailto:info@pack.land\"><span style=\"color: white;\">info@pack.land<\/span><\/a><\/div>\n<div style=\"text-align: center;\"><span style=\"color: white;\">tel: +48 506 857 815<\/span><\/div>\n<p>[\/vc_column_text][\/vc_column][vc_column width=&#187;1\/3&#8243; el_id=&#187;1550686909679-d87f54ed-8893&#8243;][vc_column_text]<\/p>\n<div style=\"text-align: center;\"><span style=\"color: white;\"><strong><br \/>\nMAGAZYN<\/strong><\/span><\/div>\n<p style=\"text-align: center;\">LOGMASTER MLP Pruszk\u00f3w II,<br \/>\nHala C-4 Moszna Parcela 29<br \/>\n05-840 Moszna Parcela<\/p>\n<p>\u00a0[\/vc_column_text][\/vc_column][vc_column width=&#187;1\/3&#8243; el_id=&#187;1550686909681-7ea5ba81-b035&#8243;][vc_column_text]<\/p>\n<div style=\"text-align: center;\"><span style=\"color: white;\"><strong>DZIA\u0141 HANDLOWY<\/strong><\/span><\/div>\n<div style=\"text-align: center;\"><a href=\"mailto:sales@pack.land\"><span style=\"color: white;\">sales@pack.land<\/span><\/a><\/div>\n<div style=\"text-align: center;\"><a href=\"mailto:purchase@pack.land\"><span style=\"color: white;\">purchase@pack.land<\/span><\/a><\/div>\n<p>[\/vc_column_text][\/vc_column][\/vc_row][vc_row full_width=&#187;stretch_row_content_no_spaces&#187; pgscore_enable_responsive_settings=&#187;true&#187; el_id=&#187;1535462860192-017a433d-c876&#8243; element_css_md=&#187;.vc_custom_1549102786252{padding-bottom: 60px !important;}&#187; element_css_sm=&#187;.vc_custom_1549102786254{padding-bottom: 50px !important;}&#187; element_css_xs=&#187;.vc_custom_1549102786255{padding-bottom: 40px !important;}&#187;][vc_column width=&#187;1\/2&#8243; el_id=&#187;1548694169046-6a0a3139-2968&#8243; css=&#187;.vc_custom_1549102527294{padding-right: 50px !important;padding-left: 50px !important;}&#187;][vc_row_inner pgscore_background_position=&#187;center-center&#187; el_id=&#187;1542949528950-e62db5d5-f15f&#187; css=&#187;.vc_custom_1549102376827{margin-right: 50px !important;margin-left: 50px !important;padding-right: 10px !important;padding-left: 10px !important;background-image: url(https:\/\/sample-data.potenzaglobal.com\/ciyashop\/lingerie-title-03.png?id=) !important;background-position: 0 0 !important;background-repeat: no-repeat !important;}&#187;][vc_column_inner el_id=&#187;1542949528957-6f17c295-7f13&#8243; css=&#187;.vc_custom_1542949575990{padding-top: 0px !important;}&#187;][\/vc_column_inner][\/vc_row_inner][vc_column_text css=&#187;.vc_custom_1549102685695{padding-top: 30px !important;}&#187;]<\/p>\n<p style=\"text-align: center;\">Zapraszamy Pa\u0144stwa do kontaktu, ch\u0119tnie rozwiejemy wszelkie w\u0105tpliwo\u015bci i odpowiemy na nurtuj\u0105ce pytania.<\/p>\n<p>[\/vc_column_text]<div role=\"form\" class=\"wpcf7\" id=\"wpcf7-f86-o1\" lang=\"en-US\" dir=\"ltr\">\n<div class=\"screen-reader-response\"><p role=\"status\" aria-live=\"polite\" aria-atomic=\"true\"><\/p> <ul><\/ul><\/div>\n<form action=\"\/ru\/wp-json\/wp\/v2\/pages\/292#wpcf7-f86-o1\" method=\"post\" class=\"wpcf7-form init\" novalidate=\"novalidate\" data-status=\"init\">\n<div style=\"display: none;\">\n<input type=\"hidden\" name=\"_wpcf7\" value=\"86\" \/>\n<input type=\"hidden\" name=\"_wpcf7_version\" value=\"5.6.4\" \/>\n<input type=\"hidden\" name=\"_wpcf7_locale\" value=\"en_US\" \/>\n<input type=\"hidden\" name=\"_wpcf7_unit_tag\" value=\"wpcf7-f86-o1\" \/>\n<input type=\"hidden\" name=\"_wpcf7_container_post\" value=\"0\" \/>\n<input type=\"hidden\" name=\"_wpcf7_posted_data_hash\" value=\"\" \/>\n<\/div>\n<div class=\"row\">\n<div class=\"col-md-4 col-sm-12\">\n<div class=\"form-group\">\n    <span class=\"wpcf7-form-control-wrap\" data-name=\"your-name\"><input type=\"text\" name=\"your-name\" value=\"\" size=\"40\" class=\"wpcf7-form-control wpcf7-text wpcf7-validates-as-required\" aria-required=\"true\" aria-invalid=\"false\" placeholder=\"Imi\u0119\" \/><\/span>\n<\/div>\n<\/div>\n<div class=\"col-md-4 col-sm-12\">\n<div class=\"form-group\">\n    <span class=\"wpcf7-form-control-wrap\" data-name=\"your-name\"><input type=\"text\" name=\"your-name\" value=\"\" size=\"40\" class=\"wpcf7-form-control wpcf7-text wpcf7-validates-as-required\" aria-required=\"true\" aria-invalid=\"false\" placeholder=\"Nazwisko\" \/><\/span>\n<\/div>\n<\/div>\n<div class=\"col-md-4 col-sm-12\">\n<div class=\"form-group\">\n    <span class=\"wpcf7-form-control-wrap\" data-name=\"your-name\"><input type=\"text\" name=\"your-name\" value=\"\" size=\"40\" class=\"wpcf7-form-control wpcf7-text wpcf7-validates-as-required\" aria-required=\"true\" aria-invalid=\"false\" placeholder=\"Firma\" \/><\/span>\n<\/div>\n<\/div>\n<div class=\"col-md-4 col-sm-12\">\n<div class=\"form-group\">\n    <span class=\"wpcf7-form-control-wrap\" data-name=\"your-email\"><input type=\"email\" name=\"your-email\" value=\"\" size=\"40\" class=\"wpcf7-form-control wpcf7-text wpcf7-email wpcf7-validates-as-required wpcf7-validates-as-email\" aria-required=\"true\" aria-invalid=\"false\" placeholder=\"Email\" \/><\/span>\n<\/div>\n<\/div>\n<div class=\"col-md-4 col-sm-12\">\n<div class=\"form-group\">\n    <span class=\"wpcf7-form-control-wrap\" data-name=\"your-subject\"><input type=\"text\" name=\"your-subject\" value=\"\" size=\"40\" class=\"wpcf7-form-control wpcf7-text\" aria-invalid=\"false\" placeholder=\"Temat\" \/><\/span>\n<\/div>\n<\/div>\n<div class=\"col-md-4 col-sm-12\">\n<div class=\"form-group\">\n    <span class=\"wpcf7-form-control-wrap\" data-name=\"your-name\"><input type=\"text\" name=\"your-name\" value=\"\" size=\"40\" class=\"wpcf7-form-control wpcf7-text wpcf7-validates-as-required\" aria-required=\"true\" aria-invalid=\"false\" placeholder=\"Telefon\" \/><\/span>\n<\/div>\n<\/div>\n<div class=\"col-sm-12\">\n<div class=\"form-group\">\n    <span class=\"wpcf7-form-control-wrap\" data-name=\"your-message\"><textarea name=\"your-message\" cols=\"30\" rows=\"4\" class=\"wpcf7-form-control wpcf7-textarea\" aria-invalid=\"false\" placeholder=\"Tre\u015b\u0107 wiadomo\u015bci\"><\/textarea><\/span>\n<\/div>\n<\/div>\n<div class=\"col-sm-12\">\n<input type=\"submit\" value=\"Gotowe, wysy\u0142am\" class=\"wpcf7-form-control has-spinner wpcf7-submit btn btn-default\" \/>\n<\/div>\n<\/div>\n<p style=\"display: none !important;\" class=\"akismet-fields-container\" data-prefix=\"_wpcf7_ak_\"><label>&#916;<textarea name=\"_wpcf7_ak_hp_textarea\" cols=\"45\" rows=\"8\" maxlength=\"100\"><\/textarea><\/label><input type=\"hidden\" id=\"ak_js_1\" name=\"_wpcf7_ak_js\" value=\"32\"\/><script>document.getElementById( \"ak_js_1\" ).setAttribute( \"value\", ( new Date() ).getTime() );<\/script><\/p><div class=\"wpcf7-response-output\" aria-hidden=\"true\"><\/div><\/form><\/div>[vc_column_text css=&#187;.vc_custom_1576621517030{padding-top: 10px !important;}&#187;]Administratorem danych osobowych jest Packland Sp. z o.o. ul. Adama Branickiego 15, 02-972 Warszawa, NIP: 697-229-20-80. Dane wpisane w formularzu kontaktowym b\u0119d\u0105 przetwarzane w celu udzielenia odpowiedzi na przes\u0142ane zapytanie zgodnie z\u00a0polityk\u0105 prywatno\u015bci.[\/vc_column_text][\/vc_column][vc_column width=&#187;1\/2&#8243; el_id=&#187;1548694169077-b107e63b-af54&#8243;][vc_gmaps link=&#187;#E-8_JTNDaWZyYW1lJTIwc3JjJTNEJTIyaHR0cHMlM0ElMkYlMkZ3d3cuZ29vZ2xlLmNvbSUyRm1hcHMlMkZlbWJlZCUzRnBiJTNEJTIxMW0xOCUyMTFtMTIlMjExbTMlMjExZDI0NDcuODQzOTgzMjIwMjQyNSUyMTJkMjEuMDcyMzg4MzE1OTkzMjYyJTIxM2Q1Mi4xNTUzNDY5Nzk3NDY3NyUyMTJtMyUyMTFmMCUyMTJmMCUyMTNmMCUyMTNtMiUyMTFpMTAyNCUyMTJpNzY4JTIxNGYxMy4xJTIxM20zJTIxMW0yJTIxMXMweDQ3MTkyZDY4ZTNjZmM0OWYlMjUzQTB4NmM4ZGYxN2UyODNiZmVlNCUyMTJzQnJhbmlja2llZ28lMkIxNSUyNTJDJTJCMDItOTcyJTJCV2Fyc3phd2ElMjE1ZTAlMjEzbTIlMjExc3BsJTIxMnNwbCUyMTR2MTU0OTc2Mjg1NTIyOSUyMiUyMHdpZHRoJTNEJTIyNjAwJTIyJTIwaGVpZ2h0JTNEJTIyNTUwJTIyJTIwZnJhbWVib3JkZXIlM0QlMjIwJTIyJTIwc3R5bGUlM0QlMjJib3JkZXIlM0EwJTIyJTIwYWxsb3dmdWxsc2NyZWVuJTNFJTNDJTJGaWZyYW1lJTNF&#187; css=&#187;.vc_custom_1549763095110{margin-bottom: 0px !important;}&#187;][\/vc_column][\/vc_row]<\/p>\n","protected":false},"excerpt":{"rendered":"<p>[vc_row full_width=&#187;stretch_row&#187; content_placement=&#187;middle&#187; pgscore_bg_type=&#187;row-background-dark&#187; pgscore_background_position=&#187;center-center&#187; el_id=&#187;1550686901398-e6ac2206-b181&#8243; css=&#187;.vc_custom_1552593679810{background-color: #888888 !important;}&#187;][vc_column width=&#187;1\/3&#8243; el_id=&#187;1550686901404-0d3514e2-d19f&#187;][vc_column_text] BIURO ul. Branickiego 15 02-972 Warszawa info@pack.land tel: +48 506 857 815 [\/vc_column_text][\/vc_column][vc_column width=&#187;1\/3&#8243; el_id=&#187;1550686909679-d87f54ed-8893&#8243;][vc_column_text] MAGAZYN LOGMASTER MLP Pruszk\u00f3w II, Hala C-4 Moszna Parcela 29 05-840 Moszna Parcela \u00a0[\/vc_column_text][\/vc_column][vc_column width=&#187;1\/3&#8243; el_id=&#187;1550686909681-7ea5ba81-b035&#8243;][vc_column_text] DZIA\u0141 HANDLOWY sales@pack.land purchase@pack.land [\/vc_column_text][\/vc_column][\/vc_row][vc_row full_width=&#187;stretch_row_content_no_spaces&#187; pgscore_enable_responsive_settings=&#187;true&#187; el_id=&#187;1535462860192-017a433d-c876&#8243; element_css_md=&#187;.vc_custom_1549102786252{padding-bottom: 60px !important;}&#187; element_css_sm=&#187;.vc_custom_1549102786254{padding-bottom: 50px<\/p>\n","protected":false},"author":1,"featured_media":0,"parent":0,"menu_order":0,"comment_status":"closed","ping_status":"closed","template":"templates\/full-width.php","meta":[],"aioseo_notices":[],"_links":{"self":[{"href":"https:\/\/pack.land\/ru\/wp-json\/wp\/v2\/pages\/292"}],"collection":[{"href":"https:\/\/pack.land\/ru\/wp-json\/wp\/v2\/pages"}],"about":[{"href":"https:\/\/pack.land\/ru\/wp-json\/wp\/v2\/types\/page"}],"author":[{"embeddable":true,"href":"https:\/\/pack.land\/ru\/wp-json\/wp\/v2\/users\/1"}],"replies":[{"embeddable":true,"href":"https:\/\/pack.land\/ru\/wp-json\/wp\/v2\/comments?post=292"}],"version-history":[{"count":65,"href":"https:\/\/pack.land\/ru\/wp-json\/wp\/v2\/pages\/292\/revisions"}],"predecessor-version":[{"id":1265,"href":"https:\/\/pack.land\/ru\/wp-json\/wp\/v2\/pages\/292\/revisions\/1265"}],"wp:attachment":[{"href":"https:\/\/pack.land\/ru\/wp-json\/wp\/v2\/media?parent=292"}],"curies":[{"name":"wp","href":"https:\/\/api.w.org\/{rel}","templated":true}]}}