{"id":404,"date":"2019-02-03T12:31:54","date_gmt":"2019-02-03T11:31:54","guid":{"rendered":"https:\/\/pack.land\/?page_id=404"},"modified":"2019-02-03T12:32:45","modified_gmt":"2019-02-03T11:32:45","slug":"odstapienie-od-umowy","status":"publish","type":"page","link":"https:\/\/pack.land\/ru\/odstapienie-od-umowy\/","title":{"rendered":"Odst\u0105pienie od Umowy"},"content":{"rendered":"<p><strong>Odst\u0105pienie od Umowy sprzeda\u017cy i zwrot towaru<\/strong><\/p>\n<p>1. Zgodnie z ustaw\u0105 z dnia 30 maja 2014 r. o prawach konsumenta, Klient b\u0119d\u0105cy Konsumentem ma prawo odst\u0105pi\u0107 od Umowy sprzeda\u017cy zawartej ze Sprzedawc\u0105 w terminie 14 dni, bez podania w tym zakresie przyczyny odst\u0105pienia, sk\u0142adaj\u0105c stosowne o\u015bwiadczenie. O\u015bwiadczenie konsument mo\u017ce z\u0142o\u017cy\u0107 na wzorze formularza, stanowi\u0105cym za\u0142\u0105cznik nr 2 do niniejszego Regulaminu, przy czym nie jest to obowi\u0105zkowe. Do zachowania terminu wystarczy wys\u0142anie o\u015bwiadczenia przed jego up\u0142ywem.<\/p>\n<p>2. Bieg terminu do odst\u0105pienia od Umowy sprzeda\u017cy rozpoczyna si\u0119 dla Umowy sprzeda\u017cy w wykonaniu kt\u00f3rej przedsi\u0119biorca wydaje rzecz \u2013 od obj\u0119cia rzeczy w posiadanie przez Konsumenta lub wskazan\u0105 przez niego osob\u0119 trzeci\u0105 inn\u0105 ni\u017c przewo\u017anik, a w przypadku gdy Umowa sprzeda\u017cy obejmuje wiele rzeczy, kt\u00f3re s\u0105 dostarczane osobno, partiami lub w cz\u0119\u015bciach \u2013 od obj\u0119cia w posiadanie ostatniej rzeczy, partii lub cz\u0119\u015bci.<\/p>\n<p>3. Warunkiem odst\u0105pienia od Umowy sprzeda\u017cy, zgodnie z pkt. 1 powy\u017cej, jest odes\u0142anie zam\u00f3wionej rzeczy (Produktu) na adres Sprzedawcy wskazany w \u00a7 1. Zwrot powinien nast\u0105pi\u0107 niezw\u0142ocznie, nie p\u00f3\u017aniej ni\u017c w terminie 14 dni od dnia, w kt\u00f3rym Konsument odst\u0105pi\u0142 od Umowy sprzeda\u017cy. Do zachowania terminu wystarczy odes\u0142anie rzeczy (Produktu) na adres Sprzedawcy przed up\u0142ywem tego terminu. Koszty odes\u0142ania do Sprzedawcy zam\u00f3wionych Produkt\u00f3w ponosi Konsument.<\/p>\n<p>4. Zwrot wszystkich nale\u017cno\u015bci wynikaj\u0105cych z odst\u0105pienia od Umowy sprzeda\u017cy (tj. wszystkie dokonane przez Konsumenta p\u0142atno\u015bci, w tym koszty dostarczenia rzeczy, z zastrze\u017ceniem pkt. 5 poni\u017cej) nast\u0119puje przy u\u017cyciu takiego samego sposobu zap\u0142aty, jakiego u\u017cy\u0142 Konsument, chyba, \u017ce Konsument zgodzi si\u0119 na inny spos\u00f3b zwrotu, kt\u00f3ry nie wi\u0105\u017ce si\u0119 dla niego z \u017cadnymi kosztami, niezw\u0142ocznie, nie p\u00f3\u017aniej ni\u017c w terminie 14 dni od daty otrzymania o\u015bwiadczenia o odst\u0105pieniu od Umowy sprzeda\u017cy, przy czym Sprzedawca mo\u017ce wstrzyma\u0107 si\u0119 ze zwrotem p\u0142atno\u015bci otrzymanych od Konsumenta do chwili otrzymania zam\u00f3wionego towaru z powrotem lub dostarczenia przez Konsumenta dowodu jej odes\u0142ania, w zale\u017cno\u015bci od tego, kt\u00f3re zdarzenie nast\u0105pi wcze\u015bniej.<\/p>\n<p>5. Je\u017celi Konsument wybra\u0142 spos\u00f3b dostarczenia rzeczy (Produktu) inny ni\u017c najta\u0144szy zwyk\u0142y spos\u00f3b dostarczenia oferowany przez Sprzedawc\u0119, Sprzedawca nie jest zobowi\u0105zany do zwrotu Konsumentowi poniesionych przez niego dodatkowych koszt\u00f3w.<\/p>\n<p>6. Konsument ponosi odpowiedzialno\u015b\u0107 za zmniejszenie warto\u015bci rzeczy (Produktu) b\u0119d\u0105ce wynikiem korzystania z niej w spos\u00f3b wykraczaj\u0105cy poza konieczny do stwierdzenia charakteru, cech i funkcjonowania rzeczy.<\/p>\n<p>7. W przypadku skutecznego odst\u0105pienia od Umowy sprzeda\u017cy, Umow\u0119 sprzeda\u017cy uwa\u017ca si\u0119 za niezawart\u0105.<\/p>\n","protected":false},"excerpt":{"rendered":"<p>Odst\u0105pienie od Umowy sprzeda\u017cy i zwrot towaru 1. Zgodnie z ustaw\u0105 z dnia 30 maja 2014 r. o prawach konsumenta, Klient b\u0119d\u0105cy Konsumentem ma prawo odst\u0105pi\u0107 od Umowy sprzeda\u017cy zawartej ze Sprzedawc\u0105 w terminie 14 dni, bez podania w tym zakresie przyczyny odst\u0105pienia, sk\u0142adaj\u0105c stosowne o\u015bwiadczenie. O\u015bwiadczenie konsument mo\u017ce z\u0142o\u017cy\u0107 na wzorze formularza, stanowi\u0105cym za\u0142\u0105cznik<\/p>\n","protected":false},"author":1,"featured_media":0,"parent":0,"menu_order":0,"comment_status":"closed","ping_status":"closed","template":"","meta":[],"aioseo_notices":[],"_links":{"self":[{"href":"https:\/\/pack.land\/ru\/wp-json\/wp\/v2\/pages\/404"}],"collection":[{"href":"https:\/\/pack.land\/ru\/wp-json\/wp\/v2\/pages"}],"about":[{"href":"https:\/\/pack.land\/ru\/wp-json\/wp\/v2\/types\/page"}],"author":[{"embeddable":true,"href":"https:\/\/pack.land\/ru\/wp-json\/wp\/v2\/users\/1"}],"replies":[{"embeddable":true,"href":"https:\/\/pack.land\/ru\/wp-json\/wp\/v2\/comments?post=404"}],"version-history":[{"count":1,"href":"https:\/\/pack.land\/ru\/wp-json\/wp\/v2\/pages\/404\/revisions"}],"predecessor-version":[{"id":405,"href":"https:\/\/pack.land\/ru\/wp-json\/wp\/v2\/pages\/404\/revisions\/405"}],"wp:attachment":[{"href":"https:\/\/pack.land\/ru\/wp-json\/wp\/v2\/media?parent=404"}],"curies":[{"name":"wp","href":"https:\/\/api.w.org\/{rel}","templated":true}]}}